{"id":1634,"date":"2019-06-11T09:50:44","date_gmt":"2019-06-11T09:50:44","guid":{"rendered":"https:\/\/vinalesluxurysuites.com\/inicio\/bienvenido\/"},"modified":"2024-10-22T18:14:43","modified_gmt":"2024-10-22T18:14:43","slug":"bienvenido","status":"publish","type":"page","link":"https:\/\/vinalesluxurysuites.com\/es\/inicio\/bienvenido\/","title":{"rendered":"Hola.Salut.Hola"},"content":{"rendered":"\n<p>Vi\u00f1ales Luxury Suites proporciona una mezcla \u00fanica de lujo y car\u00e1cter local, ofreciendo una escapada serena en el coraz\u00f3n de Vi\u00f1ales. Desde nuestras suites elegantemente dise\u00f1adas hasta el servicio personalizado, cada momento de tu estancia est\u00e1 pensado para tu m\u00e1ximo confort. Vive la verdadera esencia de Vi\u00f1ales con nosotros.  <\/p>\n\n<!--more-->\n\n<div class=\"wp-block-getwid-section alignfull alignfull getwid-margin-top-none getwid-margin-bottom-none\"><div class=\"wp-block-getwid-section__wrapper getwid-padding-top-medium getwid-padding-bottom-none getwid-padding-left-medium getwid-padding-right-medium getwid-padding-mobile-left-small getwid-padding-mobile-right-small\"><div class=\"wp-block-getwid-section__inner-wrapper\"><div class=\"wp-block-getwid-section__background-holder\"><div class=\"wp-block-getwid-section__background\"><\/div><div class=\"wp-block-getwid-section__foreground\"><\/div><\/div><div class=\"wp-block-getwid-section__content\"><div class=\"wp-block-getwid-section__inner-content\">\n<div class=\"wp-block-columns has-2-columns is-layout-flex wp-container-core-columns-is-layout-9d6595d7 wp-block-columns-is-layout-flex\">\n<div class=\"wp-block-column is-layout-flow wp-block-column-is-layout-flow\">\n<div class=\"wp-block-getwid-advanced-heading is-style-style-1 has-custom-font-size\" style=\"font-size:12px;margin-bottom:20px\"><p class=\"wp-block-getwid-advanced-heading__content\" style=\"letter-spacing:1px\">ELEVANDO EL CONFORT AL M\u00c1XIMO NIVEL<\/p><\/div>\n\n\n\n<div class=\"wp-block-getwid-advanced-heading is-style-default\"><h2 class=\"wp-block-getwid-advanced-heading__content\">Bienvenido a Vi\u00f1ales Luxury Suites<\/h2><\/div>\n<\/div>\n\n\n\n<div class=\"wp-block-column is-layout-flow wp-block-column-is-layout-flow\">\n<div class=\"wp-block-stackable-text stk-block-text stk-block stk-29c8530\" data-block-id=\"29c8530\"><p class=\"stk-block-text__text\">En el centro de Vi\u00f1ales, nuestras suites boutique proporcionan una experiencia exclusiva y lujosa. Nuestro amable y atento personal est\u00e1 formado para ofrecer un servicio de la m\u00e1xima calidad, garantizando que cada aspecto de tu estancia sea perfecto y acorde con tus necesidades. <\/p><\/div>\n\n\n\n<div class=\"wp-block-stackable-text stk-block-text stk-block stk-94882e4\" data-block-id=\"94882e4\"><p class=\"stk-block-text__text\">Todos los alojamientos est\u00e1n situados en la planta superior, donde tambi\u00e9n se encuentra nuestro bar espec\u00edfico, una amplia terraza, espacio para barbacoas y un jacuzzi para tu relajaci\u00f3n. Ya se trate de bebidas refrescantes o de bellas vistas, Vi\u00f1ales Luxury Suites est\u00e1 dise\u00f1ado de tal forma que uno puede relajarse en un entorno tranquilo sin ninguna incomodidad. <\/p><\/div>\n<\/div>\n<\/div>\n\n\n\n<div style=\"height:50px\" aria-hidden=\"true\" class=\"wp-block-spacer\"><\/div>\n\n\n\n<div class=\"wp-block-columns is-not-stacked-on-mobile has-2-columns is-layout-flex wp-container-core-columns-is-layout-9d6595d7 wp-block-columns-is-layout-flex\">\n<div class=\"wp-block-column is-layout-flow wp-block-column-is-layout-flow\">\n<figure class=\"wp-block-image size-large\"><img decoding=\"async\" width=\"1920\" height=\"1920\" src=\"https:\/\/vinalesluxurysuites.com\/wp-content\/uploads\/2024\/10\/AMC4107-edited-scaled.jpg\" alt=\"Relajaci&#xF3;n en las Suites de Lujo de Vi&#xF1;ales\" class=\"wp-image-1224\" style=\"aspect-ratio:1;object-fit:cover\" srcset=\"https:\/\/vinalesluxurysuites.com\/wp-content\/uploads\/2024\/10\/AMC4107-edited-scaled.jpg 1920w, https:\/\/vinalesluxurysuites.com\/wp-content\/uploads\/2024\/10\/AMC4107-edited-300x300.jpg 300w, https:\/\/vinalesluxurysuites.com\/wp-content\/uploads\/2024\/10\/AMC4107-edited-scaled-100x100.jpg 100w, https:\/\/vinalesluxurysuites.com\/wp-content\/uploads\/2024\/10\/AMC4107-edited-scaled-600x600.jpg 600w, https:\/\/vinalesluxurysuites.com\/wp-content\/uploads\/2024\/10\/AMC4107-edited-1024x1024.jpg 1024w, https:\/\/vinalesluxurysuites.com\/wp-content\/uploads\/2024\/10\/AMC4107-edited-150x150.jpg 150w, https:\/\/vinalesluxurysuites.com\/wp-content\/uploads\/2024\/10\/AMC4107-edited-768x768.jpg 768w, https:\/\/vinalesluxurysuites.com\/wp-content\/uploads\/2024\/10\/AMC4107-edited-1536x1536.jpg 1536w, https:\/\/vinalesluxurysuites.com\/wp-content\/uploads\/2024\/10\/AMC4107-edited-2048x2048.jpg 2048w, https:\/\/vinalesluxurysuites.com\/wp-content\/uploads\/2024\/10\/AMC4107-edited-1170x1169.jpg 1170w, https:\/\/vinalesluxurysuites.com\/wp-content\/uploads\/2024\/10\/AMC4107-edited-992x992.jpg 992w\" sizes=\"(max-width: 1920px) 100vw, 1920px\" \/><\/figure>\n<\/div>\n\n\n\n<div class=\"wp-block-column is-layout-flow wp-block-column-is-layout-flow\">\n<figure class=\"wp-block-image size-large\"><img decoding=\"async\" width=\"1024\" height=\"683\" src=\"https:\/\/vinalesluxurysuites.com\/wp-content\/uploads\/2024\/10\/AMC4186-1024x683.jpg\" alt=\"Desayuno en Vi&#xF1;ales Luxury Suites\" class=\"wp-image-1223\" style=\"aspect-ratio:1;object-fit:cover\" srcset=\"https:\/\/vinalesluxurysuites.com\/wp-content\/uploads\/2024\/10\/AMC4186-1024x683.jpg 1024w, https:\/\/vinalesluxurysuites.com\/wp-content\/uploads\/2024\/10\/AMC4186-scaled-600x400.jpg 600w, https:\/\/vinalesluxurysuites.com\/wp-content\/uploads\/2024\/10\/AMC4186-300x200.jpg 300w, https:\/\/vinalesluxurysuites.com\/wp-content\/uploads\/2024\/10\/AMC4186-768x512.jpg 768w, https:\/\/vinalesluxurysuites.com\/wp-content\/uploads\/2024\/10\/AMC4186-1536x1024.jpg 1536w, https:\/\/vinalesluxurysuites.com\/wp-content\/uploads\/2024\/10\/AMC4186-2048x1365.jpg 2048w, https:\/\/vinalesluxurysuites.com\/wp-content\/uploads\/2024\/10\/AMC4186-1170x780.jpg 1170w, https:\/\/vinalesluxurysuites.com\/wp-content\/uploads\/2024\/10\/AMC4186-scaled.jpg 1920w\" sizes=\"(max-width: 1024px) 100vw, 1024px\" \/><\/figure>\n<\/div>\n<\/div>\n<\/div><\/div><\/div><\/div><\/div>\n\n<div class=\"wp-block-stackable-columns stk-block-columns stk-block stk-e6b44e6\" data-block-id=\"e6b44e6\"><style>.stk-e6b44e6 {margin-top:120px !important;margin-bottom:50px !important;}.stk-e6b44e6-column{max-width:1170px !important;min-width:auto !important;}@media screen and (max-width: 1023px){.stk-e6b44e6 {margin-top:30px !important;margin-bottom:30px !important;}.stk-e6b44e6-column{max-width:90% !important;min-width:auto !important;}}@media screen and (max-width: 767px){.stk-e6b44e6 {margin-top:40px !important;}.stk-e6b44e6-column{max-width:80% !important;min-width:auto !important;}}<\/style><div class=\"stk-row stk-inner-blocks stk-block-content stk-content-align stk-e6b44e6-column\">\n<div class=\"wp-block-stackable-column stk-block-column stk-column stk-block stk-0f2cfb0\" data-v=\"4\" data-block-id=\"0f2cfb0\"><div class=\"stk-column-wrapper stk-block-column__content stk-container stk-0f2cfb0-container stk--no-background stk--no-padding\"><div class=\"stk-block-content stk-inner-blocks stk-0f2cfb0-inner-blocks\">\n<div class=\"wp-block-stackable-heading stk-block-heading stk-block-heading--v2 stk-block stk-4955fc6\" id=\"strong-the-splendor-of-vinales-strong\" data-block-id=\"4955fc6\"><h2 class=\"stk-block-heading__text\"><strong>El esplendor de Vi\u00f1ales<\/strong><\/h2><\/div>\n\n\n\n<div class=\"wp-block-stackable-text stk-block-text stk-block stk-1f8877a\" data-block-id=\"1f8877a\"><style>.stk-1f8877a {margin-bottom:50px !important;}<\/style><p class=\"stk-block-text__text\">Vi\u00f1ales es \u00fanico en todos los sentidos, especialmente en lo que se refiere a la naturaleza. La regi\u00f3n est\u00e1 llena de exuberante vegetaci\u00f3n, monta\u00f1as espectaculares y hermosas formaciones calizas conocidas como mogotes. Esta zona es perfecta para quienes deseen explorar los grandes espacios al aire libre. Ya sea una visita a las granjas de tabaco cercanas, las impresionantes rutas de senderismo o los relajantes sonidos del campo, la tranquilidad y la belleza se encuentran en cada rinc\u00f3n de Vi\u00f1ales.   <\/p><\/div>\n\n\n\n<div class=\"wp-block-stackable-heading stk-block-heading stk-block-heading--v2 stk-block stk-f8ef328\" id=\"strong-comfort-away-from-home-at-vinales-luxury-suites-strong\" data-block-id=\"f8ef328\"><h3 class=\"stk-block-heading__text\"><strong>Confort lejos de casa en Vi\u00f1ales Luxury Suites<\/strong><\/h3><\/div>\n\n\n\n<div class=\"wp-block-stackable-text stk-block-text stk-block stk-408e4d7\" data-block-id=\"408e4d7\"><style>.stk-408e4d7 {margin-bottom:50px !important;}<\/style><p class=\"stk-block-text__text\">En Vi\u00f1ales Luxury Suites, nuestros alojamientos est\u00e1n dise\u00f1ados para ofrecer confort y lujo en un entorno exclusivo. No se ha pasado por alto ning\u00fan detalle para garantizar que puedas relajarte y disfrutar al m\u00e1ximo de tu estancia. Junto con nuestras tranquilas y elegantes habitaciones, el atento servicio de nuestro personal profesional hace de Vi\u00f1ales Luxury Suites el mejor lugar para desconectar tras un largo d\u00eda explorando la zona.  <\/p><\/div>\n\n\n\n<div class=\"wp-block-stackable-heading stk-block-heading stk-block-heading--v2 stk-block stk-cc20ba5\" id=\"strong-reasons-to-book-a-room-at-vinales-luxury-suites-strong\" data-block-id=\"cc20ba5\"><h3 class=\"stk-block-heading__text\"><strong>Razones para reservar una habitaci\u00f3n en Vi\u00f1ales Luxury Suites<\/strong><\/h3><\/div>\n\n\n\n<ul class=\"wp-block-list\">\n<li><strong>Alojamiento distintivo<\/strong>: Nuestras suites privadas de estilo boutique est\u00e1n dise\u00f1adas para proporcionar un retiro exclusivo, ofreciendo una escapada tranquila de las ajetreadas multitudes.<\/li>\n\n\n\n<li><strong>Servicios internos<\/strong>: Situadas a poca distancia de las principales atracciones de Vi\u00f1ales, nuestras suites son tranquilas y serenas, lo que te permitir\u00e1 relajarte tras un d\u00eda de turismo.<\/li>\n\n\n\n<li><strong>Servicio personalizado<\/strong>: Nuestro entregado personal va m\u00e1s all\u00e1 para garantizar tu comodidad, ofreci\u00e9ndote recomendaciones personalizadas, ayud\u00e1ndote con las reservas y mucho m\u00e1s.<\/li>\n\n\n\n<li><strong>Paisajes espectaculares<\/strong>: Tanto si est\u00e1s en la terraza como disfrutando de las vistas desde tu habitaci\u00f3n, disfrutar\u00e1s de impresionantes vistas de la exuberante vegetaci\u00f3n de Vi\u00f1ales. Adem\u00e1s de alojamiento y desayuno, nuestras suites ofrecen el espacio perfecto para el descanso y el rejuvenecimiento. <\/li>\n<\/ul>\n<\/div><\/div><\/div>\n<\/div><\/div>\n\n<p><\/p>\n","protected":false},"excerpt":{"rendered":"<p>En Vi\u00f1ales Luxury Suites, combinamos el confort moderno con el encanto de la tradici\u00f3n cubana. Cada suite est\u00e1 cuidadosamente dise\u00f1ada para garantizar que tu estancia sea relajante e inolvidable. Descubre la belleza y la tranquilidad de Vi\u00f1ales mientras disfrutas del ambiente exclusivo de nuestros alojamientos.  <\/p>\n","protected":false},"author":1,"featured_media":1581,"parent":1630,"menu_order":2,"comment_status":"closed","ping_status":"closed","template":"","meta":{"inline_featured_image":false,"pgc_sgb_lightbox_settings":"","footnotes":""},"class_list":["post-1634","page","type-page","status-publish","has-post-thumbnail","hentry"],"aioseo_notices":[],"_links":{"self":[{"href":"https:\/\/vinalesluxurysuites.com\/es\/wp-json\/wp\/v2\/pages\/1634","targetHints":{"allow":["GET"]}}],"collection":[{"href":"https:\/\/vinalesluxurysuites.com\/es\/wp-json\/wp\/v2\/pages"}],"about":[{"href":"https:\/\/vinalesluxurysuites.com\/es\/wp-json\/wp\/v2\/types\/page"}],"author":[{"embeddable":true,"href":"https:\/\/vinalesluxurysuites.com\/es\/wp-json\/wp\/v2\/users\/1"}],"replies":[{"embeddable":true,"href":"https:\/\/vinalesluxurysuites.com\/es\/wp-json\/wp\/v2\/comments?post=1634"}],"version-history":[{"count":1,"href":"https:\/\/vinalesluxurysuites.com\/es\/wp-json\/wp\/v2\/pages\/1634\/revisions"}],"predecessor-version":[{"id":1635,"href":"https:\/\/vinalesluxurysuites.com\/es\/wp-json\/wp\/v2\/pages\/1634\/revisions\/1635"}],"up":[{"embeddable":true,"href":"https:\/\/vinalesluxurysuites.com\/es\/wp-json\/wp\/v2\/pages\/1630"}],"wp:featuredmedia":[{"embeddable":true,"href":"https:\/\/vinalesluxurysuites.com\/es\/wp-json\/wp\/v2\/media\/1581"}],"wp:attachment":[{"href":"https:\/\/vinalesluxurysuites.com\/es\/wp-json\/wp\/v2\/media?parent=1634"}],"curies":[{"name":"wp","href":"https:\/\/api.w.org\/{rel}","templated":true}]}}