{"id":1636,"date":"2019-06-11T09:53:36","date_gmt":"2019-06-11T09:53:36","guid":{"rendered":"https:\/\/vinalesluxurysuites.com\/inicio\/bar-privado\/"},"modified":"2024-10-22T18:15:26","modified_gmt":"2024-10-22T18:15:26","slug":"bar-privado","status":"publish","type":"page","link":"https:\/\/vinalesluxurysuites.com\/es\/inicio\/bar-privado\/","title":{"rendered":"Bar privado"},"content":{"rendered":"\n<p>En nuestro bar privado de Vi\u00f1ales, disfrutar\u00e1s de una selecci\u00f3n de los mejores c\u00f3cteles y bebidas cubanos, preparados con ingredientes frescos y sabores locales. Rel\u00e1jate con un mojito o un ron cubano cl\u00e1sico mientras te relajas en el acogedor ambiente de nuestro bar privado. Deja que nuestro barman te sorprenda con cada sorbo.  <\/p>\n\n<!--more-->\n\n<div class=\"wp-block-getwid-section alignfull alignfull has-inner-blocks-gap-none\"><div class=\"wp-block-getwid-section__wrapper getwid-padding-top-medium getwid-padding-bottom-none getwid-padding-left-medium getwid-padding-right-medium getwid-padding-mobile-left-small getwid-padding-mobile-right-small getwid-align-items-flex-start\"><div class=\"wp-block-getwid-section__inner-wrapper\"><div class=\"wp-block-getwid-section__background-holder\"><div class=\"wp-block-getwid-section__background\"><\/div><div class=\"wp-block-getwid-section__foreground\"><\/div><\/div><div class=\"wp-block-getwid-section__content\"><div class=\"wp-block-getwid-section__inner-content\">\n<div class=\"wp-block-getwid-image-box has-image-left has-text-left has-mobile-layout-column has-mobile-alignment-default\"><div style=\"margin-right:90px\" class=\"wp-block-getwid-image-box__image-container is-position-middle\"><div class=\"wp-block-getwid-image-box__image-wrapper\"><img decoding=\"async\" width=\"992\" height=\"992\" src=\"https:\/\/vinalesluxurysuites.com\/wp-content\/uploads\/2024\/10\/AMC4074-992x992.jpg\" class=\"wp-block-getwid-image-box__image wp-image-1211\" srcset=\"https:\/\/vinalesluxurysuites.com\/wp-content\/uploads\/2024\/10\/AMC4074-992x992.jpg 992w, https:\/\/vinalesluxurysuites.com\/wp-content\/uploads\/2024\/10\/AMC4074-scaled-300x300.jpg 300w, https:\/\/vinalesluxurysuites.com\/wp-content\/uploads\/2024\/10\/AMC4074-scaled-100x100.jpg 100w, https:\/\/vinalesluxurysuites.com\/wp-content\/uploads\/2024\/10\/AMC4074-150x150.jpg 150w\" sizes=\"(max-width: 992px) 100vw, 992px\" \/><\/div><\/div><div class=\"wp-block-getwid-image-box__content\">\n<div class=\"wp-block-getwid-advanced-heading\" style=\"margin-bottom:30px\"><h2 class=\"wp-block-getwid-advanced-heading__content\">C\u00f3cteles de Autor<\/h2><\/div>\n\n\n\n<div class=\"wp-block-getwid-price-list has-dots\"> <div class=\"wp-block-getwid-price-list__content-wrapper\"><div class=\"wp-block-getwid-price-list__header\"><h5 class=\"wp-block-getwid-price-list__title\">Cuba Libre  <\/h5><div class=\"wp-block-getwid-price-list__price-line\"><\/div><div class=\"wp-block-getwid-price-list__price-wrapper\"><h5 class=\"wp-block-getwid-price-list__amount\">3.00<\/h5><\/div><\/div><p class=\"wp-block-getwid-price-list__description\">Ron cubano, cola, lima fresca.<br> Una<em>mezcla refrescante y cl\u00e1sica para disfrutar de lo mejor de Cuba.<\/em><\/p><\/div><\/div>\n\n\n\n<div class=\"wp-block-getwid-price-list has-dots\"> <div class=\"wp-block-getwid-price-list__content-wrapper\"><div class=\"wp-block-getwid-price-list__header\"><h5 class=\"wp-block-getwid-price-list__title\">Daiquiri<\/h5><div class=\"wp-block-getwid-price-list__price-line\"><\/div><div class=\"wp-block-getwid-price-list__price-wrapper\"><h5 class=\"wp-block-getwid-price-list__amount\">3.00<\/h5><\/div><\/div><p class=\"wp-block-getwid-price-list__description\">Ron blanco, zumo fresco de lima, az\u00facar.<br> Un<em>c\u00f3ctel vibrante y delicioso, perfecto para cualquier ocasi\u00f3n.<\/em><\/p><\/div><\/div>\n\n\n\n<div class=\"wp-block-getwid-price-list has-dots\"> <div class=\"wp-block-getwid-price-list__content-wrapper\"><div class=\"wp-block-getwid-price-list__header\"><h5 class=\"wp-block-getwid-price-list__title\">Ron Collins<\/h5><div class=\"wp-block-getwid-price-list__price-line\"><\/div><div class=\"wp-block-getwid-price-list__price-wrapper\"><h5 class=\"wp-block-getwid-price-list__amount\">3.00<\/h5><\/div><\/div><p class=\"wp-block-getwid-price-list__description\">Ron blanco, zumo de lim\u00f3n, soda y un toque de az\u00facar.<br> Un<em>giro tropical del cl\u00e1sico Tom Collins.<\/em><\/p><\/div><\/div>\n\n\n\n<div class=\"wp-block-getwid-price-list has-dots\"> <div class=\"wp-block-getwid-price-list__content-wrapper\"><div class=\"wp-block-getwid-price-list__header\"><h5 class=\"wp-block-getwid-price-list__title\">Mojito  <img decoding=\"async\" width=\"97\" height=\"15\" class=\"wp-image-892\" style=\"width: 97px;\" src=\"https:\/\/vinalesluxurysuites.com\/wp-content\/uploads\/2019\/07\/recommended.png\" alt=\"\"><\/h5><div class=\"wp-block-getwid-price-list__price-line\"><\/div><div class=\"wp-block-getwid-price-list__price-wrapper\"><h5 class=\"wp-block-getwid-price-list__amount\">4.00<\/h5><\/div><\/div><p class=\"wp-block-getwid-price-list__description\">Ron blanco, menta fresca, az\u00facar, lima, soda.<br><em>El c\u00f3ctel m\u00e1s emblem\u00e1tico de Cuba, con la frescura de la menta y un toque de dulzor.<\/em><\/p><\/div><\/div>\n\n\n\n<div class=\"wp-block-getwid-price-list has-dots\"> <div class=\"wp-block-getwid-price-list__content-wrapper\"><div class=\"wp-block-getwid-price-list__header\"><h5 class=\"wp-block-getwid-price-list__title\">Pi\u00f1a Colada<\/h5><div class=\"wp-block-getwid-price-list__price-line\"><\/div><div class=\"wp-block-getwid-price-list__price-wrapper\"><h5 class=\"wp-block-getwid-price-list__amount\">5.00<\/h5><\/div><\/div><p class=\"wp-block-getwid-price-list__description\">Ron blanco, crema de coco, zumo fresco de pi\u00f1a.<br> Un<em>viaje directo al para\u00edso con cada sorbo, dulce y cremoso.<\/em><\/p><\/div><\/div>\n<\/div><\/div>\n<\/div><\/div><\/div><\/div><\/div>\n\n<div class=\"wp-block-stackable-columns stk-block-columns stk-block stk-ee169bd\" data-block-id=\"ee169bd\"><style>.stk-ee169bd {margin-top:120px !important;}<\/style><div class=\"stk-row stk-inner-blocks stk-block-content stk-content-align stk-ee169bd-column\">\n<div class=\"wp-block-stackable-column stk-block-column stk-column stk-block stk-60cd693\" data-v=\"4\" data-block-id=\"60cd693\"><div class=\"stk-column-wrapper stk-block-column__content stk-container stk-60cd693-container stk--no-background stk--no-padding\"><div class=\"stk-block-content stk-inner-blocks stk-60cd693-inner-blocks\">\n<div class=\"wp-block-stackable-heading stk-block-heading stk-block-heading--v2 stk-block stk-332766f\" id=\"strong-welcome-to-our-private-bar-strong\" data-block-id=\"332766f\"><h2 class=\"stk-block-heading__text\"><strong>Bienvenido a nuestro bar privado<\/strong><\/h2><\/div>\n\n\n\n<div class=\"wp-block-stackable-text stk-block-text stk-block stk-4b68644\" data-block-id=\"4b68644\"><style>.stk-4b68644 {margin-bottom:50px !important;}<\/style><p class=\"stk-block-text__text\">Nuestro bar privado ofrece un ambiente \u00edntimo exclusivo para los hu\u00e9spedes de Vi\u00f1ales Luxury Suites. Esto crea un ambiente tranquilo y personalizado donde podr\u00e1s relajarte y disfrutar de una experiencia \u00fanica lejos del bullicio. <\/p><\/div>\n\n\n\n<div class=\"wp-block-stackable-heading stk-block-heading stk-block-heading--v2 stk-block stk-4f52c71\" id=\"strong-cuban-cocktails-at-our-private-bar-strong\" data-block-id=\"4f52c71\"><h3 class=\"stk-block-heading__text\"><strong>C\u00f3cteles cubanos en nuestro bar privado<\/strong><\/h3><\/div>\n\n\n\n<div class=\"wp-block-stackable-text stk-block-text stk-block stk-f544005\" data-block-id=\"f544005\"><style>.stk-f544005 {margin-bottom:50px !important;}<\/style><p class=\"stk-block-text__text\">Sum\u00e9rgete en los aut\u00e9nticos sabores de Cuba con nuestra selecci\u00f3n de c\u00f3cteles artesanales. Desde el refrescante Mojito hasta el cl\u00e1sico Cuba Libre, cada bebida se elabora con ingredientes locales frescos y es preparada con destreza por nuestro barman, formado en una renombrada escuela de hosteler\u00eda. Cada c\u00f3ctel de nuestro bar privado proporciona una experiencia \u00fanica que encarna la vibrante cultura de Cuba.  <\/p><\/div>\n\n\n\n<div class=\"wp-block-stackable-heading stk-block-heading stk-block-heading--v2 stk-block stk-3192719\" id=\"strong-a-space-to-relax-and-enjoy-strong\" data-block-id=\"3192719\"><h3 class=\"stk-block-heading__text\"><strong>Un espacio para relajarse y disfrutar<\/strong><\/h3><\/div>\n\n\n\n<div class=\"wp-block-stackable-text stk-block-text stk-block stk-1314e25\" data-block-id=\"1314e25\"><style>.stk-1314e25 {margin-bottom:50px !important;}<\/style><p class=\"stk-block-text__text\">Con impresionantes vistas desde nuestra terraza, nuestro bar privado es el lugar ideal para desconectar tras un d\u00eda explorando Vi\u00f1ales. Tanto si quieres disfrutar de un Daiquiri al atardecer como compartir una Pi\u00f1a Colada con los amigos, \u00e9ste es el lugar perfecto para relajarse en un ambiente acogedor y elegante. <\/p><\/div>\n\n\n\n<div class=\"wp-block-stackable-heading stk-block-heading stk-block-heading--v2 stk-block stk-b1e9008\" id=\"strong-personalized-attention-at-our-private-bar-strong\" data-block-id=\"b1e9008\"><h3 class=\"stk-block-heading__text\"><strong>Atenci\u00f3n personalizada en nuestro bar privado<\/strong><\/h3><\/div>\n\n\n\n<div class=\"wp-block-stackable-text stk-block-text stk-block stk-bc01073\" data-block-id=\"bc01073\"><p class=\"stk-block-text__text\">Nuestro barman est\u00e1 siempre a tu disposici\u00f3n para prepararte la bebida perfecta. Con un servicio personalizado, no dudes en pedir tu c\u00f3ctel favorito o deja que nuestro experto te sorprenda con una recomendaci\u00f3n. Cada bebida de nuestro bar privado se prepara con esmero, para que cada sorbo sea memorable.  <\/p><\/div>\n<\/div><\/div><\/div>\n<\/div><\/div>\n\n<div class=\"wp-block-stackable-columns alignfull stk-block-columns stk-block stk-3a3233c\" data-block-id=\"3a3233c\"><style>.stk-3a3233c {margin-top:120px !important;margin-bottom:100px !important;}.stk-3a3233c-column{max-width:1170px !important;min-width:auto !important;margin-right:auto !important;margin-left:auto !important;--stk-columns-spacing:0px !important;--stk-column-gap:60px !important;}<\/style><div class=\"stk-row stk-inner-blocks stk-block-content stk-content-align stk-3a3233c-column alignfull\">\n<div class=\"wp-block-stackable-column stk-block-column stk-column stk-block stk-30d05a2\" data-v=\"4\" data-block-id=\"30d05a2\"><div class=\"stk-column-wrapper stk-block-column__content stk-container stk-30d05a2-container stk--no-background stk--no-padding\"><div class=\"stk-block-content stk-inner-blocks stk-30d05a2-inner-blocks\">\n<div class=\"wp-block-getwid-images-stack is-layout-epsilon\"><div class=\"wp-block-getwid-images-stack__wrapper\"><div class=\"wp-block-getwid-images-stack__chunk\"><div class=\"wp-block-getwid-images-stack__media-wrapper\"><div class=\"wp-block-getwid-images-stack__media-inner-wrapper\"><img decoding=\"async\" width=\"992\" height=\"992\" class=\"wp-block-getwid-images-stack__media wp-image-1258\" src=\"https:\/\/vinalesluxurysuites.com\/wp-content\/uploads\/2024\/10\/AMC4076-1-992x992.jpg\" alt=\"\" data-id=\"1258\" data-link=\"https:\/\/vinalesluxurysuites.com\/home\/restaurant\/_amc4076-2\/\" srcset=\"https:\/\/vinalesluxurysuites.com\/wp-content\/uploads\/2024\/10\/AMC4076-1-992x992.jpg 992w, https:\/\/vinalesluxurysuites.com\/wp-content\/uploads\/2024\/10\/AMC4076-1-scaled-300x300.jpg 300w, https:\/\/vinalesluxurysuites.com\/wp-content\/uploads\/2024\/10\/AMC4076-1-scaled-100x100.jpg 100w, https:\/\/vinalesluxurysuites.com\/wp-content\/uploads\/2024\/10\/AMC4076-1-150x150.jpg 150w\" sizes=\"(max-width: 992px) 100vw, 992px\" \/><\/div><\/div><div class=\"wp-block-getwid-images-stack__media-wrapper\"><div class=\"wp-block-getwid-images-stack__media-inner-wrapper\"><img decoding=\"async\" width=\"992\" height=\"992\" class=\"wp-block-getwid-images-stack__media wp-image-1262\" src=\"https:\/\/vinalesluxurysuites.com\/wp-content\/uploads\/2024\/10\/AMC4104-1-992x992.jpg\" alt=\"\" data-id=\"1262\" data-link=\"https:\/\/vinalesluxurysuites.com\/home\/restaurant\/_amc4104-2\/\" srcset=\"https:\/\/vinalesluxurysuites.com\/wp-content\/uploads\/2024\/10\/AMC4104-1-992x992.jpg 992w, https:\/\/vinalesluxurysuites.com\/wp-content\/uploads\/2024\/10\/AMC4104-1-scaled-300x300.jpg 300w, https:\/\/vinalesluxurysuites.com\/wp-content\/uploads\/2024\/10\/AMC4104-1-scaled-100x100.jpg 100w, https:\/\/vinalesluxurysuites.com\/wp-content\/uploads\/2024\/10\/AMC4104-1-150x150.jpg 150w\" sizes=\"(max-width: 992px) 100vw, 992px\" \/><\/div><\/div><div class=\"wp-block-getwid-images-stack__media-wrapper\"><div class=\"wp-block-getwid-images-stack__media-inner-wrapper\"><img decoding=\"async\" width=\"992\" height=\"992\" class=\"wp-block-getwid-images-stack__media wp-image-1211\" src=\"https:\/\/vinalesluxurysuites.com\/wp-content\/uploads\/2024\/10\/AMC4074-992x992.jpg\" alt=\"\" data-id=\"1211\" data-link=\"https:\/\/vinalesluxurysuites.com\/home\/restaurant\/_amc4074\/\" srcset=\"https:\/\/vinalesluxurysuites.com\/wp-content\/uploads\/2024\/10\/AMC4074-992x992.jpg 992w, https:\/\/vinalesluxurysuites.com\/wp-content\/uploads\/2024\/10\/AMC4074-scaled-300x300.jpg 300w, https:\/\/vinalesluxurysuites.com\/wp-content\/uploads\/2024\/10\/AMC4074-scaled-100x100.jpg 100w, https:\/\/vinalesluxurysuites.com\/wp-content\/uploads\/2024\/10\/AMC4074-150x150.jpg 150w\" sizes=\"(max-width: 992px) 100vw, 992px\" \/><\/div><\/div><\/div><\/div><\/div>\n<\/div><\/div><\/div>\n\n\n\n<div class=\"wp-block-stackable-column stk-block-column stk-column stk-block stk-a91a834\" data-v=\"4\" data-block-id=\"a91a834\"><div class=\"stk-column-wrapper stk-block-column__content stk-container stk-a91a834-container stk--no-background stk--no-padding\"><div class=\"stk-block-content stk-inner-blocks stk-a91a834-inner-blocks\">\n<div class=\"wp-block-getwid-images-stack is-layout-zeta\"><div class=\"wp-block-getwid-images-stack__wrapper\"><div class=\"wp-block-getwid-images-stack__chunk\"><div class=\"wp-block-getwid-images-stack__media-wrapper\"><div class=\"wp-block-getwid-images-stack__media-inner-wrapper\"><img decoding=\"async\" width=\"992\" height=\"992\" class=\"wp-block-getwid-images-stack__media wp-image-1206\" src=\"https:\/\/vinalesluxurysuites.com\/wp-content\/uploads\/2024\/10\/AMC4064-992x992.jpg\" alt=\"\" data-id=\"1206\" data-link=\"https:\/\/vinalesluxurysuites.com\/home\/restaurant\/_amc4064\/\" srcset=\"https:\/\/vinalesluxurysuites.com\/wp-content\/uploads\/2024\/10\/AMC4064-992x992.jpg 992w, https:\/\/vinalesluxurysuites.com\/wp-content\/uploads\/2024\/10\/AMC4064-scaled-300x300.jpg 300w, https:\/\/vinalesluxurysuites.com\/wp-content\/uploads\/2024\/10\/AMC4064-scaled-100x100.jpg 100w, https:\/\/vinalesluxurysuites.com\/wp-content\/uploads\/2024\/10\/AMC4064-150x150.jpg 150w\" sizes=\"(max-width: 992px) 100vw, 992px\" \/><\/div><\/div><div class=\"wp-block-getwid-images-stack__media-wrapper\"><div class=\"wp-block-getwid-images-stack__media-inner-wrapper\"><img decoding=\"async\" width=\"992\" height=\"992\" class=\"wp-block-getwid-images-stack__media wp-image-1209\" src=\"https:\/\/vinalesluxurysuites.com\/wp-content\/uploads\/2024\/10\/AMC4071-992x992.jpg\" alt=\"\" data-id=\"1209\" data-link=\"https:\/\/vinalesluxurysuites.com\/home\/restaurant\/_amc4071\/\" srcset=\"https:\/\/vinalesluxurysuites.com\/wp-content\/uploads\/2024\/10\/AMC4071-992x992.jpg 992w, https:\/\/vinalesluxurysuites.com\/wp-content\/uploads\/2024\/10\/AMC4071-scaled-300x300.jpg 300w, https:\/\/vinalesluxurysuites.com\/wp-content\/uploads\/2024\/10\/AMC4071-scaled-100x100.jpg 100w, https:\/\/vinalesluxurysuites.com\/wp-content\/uploads\/2024\/10\/AMC4071-150x150.jpg 150w\" sizes=\"(max-width: 992px) 100vw, 992px\" \/><\/div><\/div><div class=\"wp-block-getwid-images-stack__media-wrapper\"><div class=\"wp-block-getwid-images-stack__media-inner-wrapper\"><img decoding=\"async\" width=\"992\" height=\"992\" class=\"wp-block-getwid-images-stack__media wp-image-1212\" src=\"https:\/\/vinalesluxurysuites.com\/wp-content\/uploads\/2024\/10\/AMC4075-992x992.jpg\" alt=\"\" data-id=\"1212\" data-link=\"https:\/\/vinalesluxurysuites.com\/home\/restaurant\/_amc4075\/\" srcset=\"https:\/\/vinalesluxurysuites.com\/wp-content\/uploads\/2024\/10\/AMC4075-992x992.jpg 992w, https:\/\/vinalesluxurysuites.com\/wp-content\/uploads\/2024\/10\/AMC4075-scaled-300x300.jpg 300w, https:\/\/vinalesluxurysuites.com\/wp-content\/uploads\/2024\/10\/AMC4075-scaled-100x100.jpg 100w, https:\/\/vinalesluxurysuites.com\/wp-content\/uploads\/2024\/10\/AMC4075-150x150.jpg 150w\" sizes=\"(max-width: 992px) 100vw, 992px\" \/><\/div><\/div><\/div><\/div><\/div>\n<\/div><\/div><\/div>\n<\/div><\/div>\n\n<p><\/p>\n","protected":false},"excerpt":{"rendered":"<p>Disfruta de una experiencia \u00fanica en nuestro exclusivo bar, creado s\u00f3lo para nuestros hu\u00e9spedes. Rel\u00e1jate con una cuidada selecci\u00f3n de c\u00f3cteles cubanos y bebidas internacionales, preparados con maestr\u00eda por nuestro talentoso barman. Disfruta de tu bebida favorita mientras te empapas de las impresionantes vistas de nuestra terraza, todo ello en un entorno acogedor y elegante.  <\/p>\n","protected":false},"author":2,"featured_media":1609,"parent":1630,"menu_order":3,"comment_status":"closed","ping_status":"closed","template":"","meta":{"inline_featured_image":false,"pgc_sgb_lightbox_settings":"","footnotes":""},"class_list":["post-1636","page","type-page","status-publish","has-post-thumbnail","hentry"],"aioseo_notices":[],"_links":{"self":[{"href":"https:\/\/vinalesluxurysuites.com\/es\/wp-json\/wp\/v2\/pages\/1636","targetHints":{"allow":["GET"]}}],"collection":[{"href":"https:\/\/vinalesluxurysuites.com\/es\/wp-json\/wp\/v2\/pages"}],"about":[{"href":"https:\/\/vinalesluxurysuites.com\/es\/wp-json\/wp\/v2\/types\/page"}],"author":[{"embeddable":true,"href":"https:\/\/vinalesluxurysuites.com\/es\/wp-json\/wp\/v2\/users\/2"}],"replies":[{"embeddable":true,"href":"https:\/\/vinalesluxurysuites.com\/es\/wp-json\/wp\/v2\/comments?post=1636"}],"version-history":[{"count":1,"href":"https:\/\/vinalesluxurysuites.com\/es\/wp-json\/wp\/v2\/pages\/1636\/revisions"}],"predecessor-version":[{"id":1637,"href":"https:\/\/vinalesluxurysuites.com\/es\/wp-json\/wp\/v2\/pages\/1636\/revisions\/1637"}],"up":[{"embeddable":true,"href":"https:\/\/vinalesluxurysuites.com\/es\/wp-json\/wp\/v2\/pages\/1630"}],"wp:featuredmedia":[{"embeddable":true,"href":"https:\/\/vinalesluxurysuites.com\/es\/wp-json\/wp\/v2\/media\/1609"}],"wp:attachment":[{"href":"https:\/\/vinalesluxurysuites.com\/es\/wp-json\/wp\/v2\/media?parent=1636"}],"curies":[{"name":"wp","href":"https:\/\/api.w.org\/{rel}","templated":true}]}}