{"id":1643,"date":"2019-06-12T07:44:45","date_gmt":"2019-06-12T07:44:45","guid":{"rendered":"https:\/\/vinalesluxurysuites.com\/acerca-de-las-suites-de-lujo-de-vinales\/"},"modified":"2024-10-22T18:21:53","modified_gmt":"2024-10-22T18:21:53","slug":"acerca-de-las-suites-de-lujo-de-vinales","status":"publish","type":"page","link":"https:\/\/vinalesluxurysuites.com\/es\/acerca-de-las-suites-de-lujo-de-vinales\/","title":{"rendered":"Sobre Vi\u00f1ales Luxury Suites"},"content":{"rendered":"\n<div class=\"wp-block-getwid-section alignfull alignfull getwid-margin-top-none getwid-margin-bottom-none\"><div class=\"wp-block-getwid-section__wrapper getwid-padding-top-none getwid-padding-bottom-none getwid-padding-left-medium getwid-padding-right-medium getwid-padding-mobile-left-small getwid-padding-mobile-right-small\"><div class=\"wp-block-getwid-section__inner-wrapper\"><div class=\"wp-block-getwid-section__background-holder\"><div class=\"wp-block-getwid-section__background\"><\/div><div class=\"wp-block-getwid-section__foreground\"><\/div><\/div><div class=\"wp-block-getwid-section__content\"><div class=\"wp-block-getwid-section__inner-content\">\n<div class=\"wp-block-columns has-2-columns is-layout-flex wp-container-core-columns-is-layout-9d6595d7 wp-block-columns-is-layout-flex\">\n<div class=\"wp-block-column is-layout-flow wp-block-column-is-layout-flow\">\n<div class=\"wp-block-getwid-advanced-heading is-style-style-1 has-custom-font-size\" style=\"font-size:12px;margin-bottom:0px\"><p class=\"wp-block-getwid-advanced-heading__content\" style=\"text-transform:uppercase;letter-spacing:0.1em\">Experimenta un confort inigualable en Vi\u00f1ales Luxury Suites<\/p><\/div>\n\n\n\n<div class=\"wp-block-getwid-advanced-heading is-style-default\" style=\"margin-top:10px\"><h2 class=\"wp-block-getwid-advanced-heading__content\">Descubre el encanto de Vi\u00f1ales Luxury Suites<\/h2><\/div>\n<\/div>\n\n\n\n<div class=\"wp-block-column is-layout-flow wp-block-column-is-layout-flow\">\n<p>Las Suites de Lujo Vi\u00f1ales son la mezcla perfecta entre la comodidad de un hotel de lujo y la practicidad para sumergirse en las asombrosas maravillas de Vi\u00f1ales.<\/p>\n\n\n\n<p>Nuestras suites rademadas para el descanso est\u00e1n situadas en los lugares adecuados para proporcionar a nuestros clientes relajaci\u00f3n y comodidad. Todo ello se puede disfrutar desde la terraza que permite contemplar majestuosamente los famosos mogotes y el hermoso paisaje natural del Valle de Vi\u00f1ales. <\/p>\n<\/div>\n<\/div>\n<\/div><\/div><\/div><\/div><\/div>\n\n<div class=\"wp-block-getwid-section alignfull alignfull getwid-margin-top-none getwid-margin-bottom-none\"><div class=\"wp-block-getwid-section__wrapper getwid-padding-top-normal getwid-padding-bottom-normal getwid-padding-left-medium getwid-padding-right-medium getwid-padding-mobile-left-small getwid-padding-mobile-right-small\"><div class=\"wp-block-getwid-section__inner-wrapper\"><div class=\"wp-block-getwid-section__background-holder\"><div class=\"wp-block-getwid-section__background\"><\/div><div class=\"wp-block-getwid-section__foreground\"><\/div><\/div><div class=\"wp-block-getwid-section__content\"><div class=\"wp-block-getwid-section__inner-content\">\n<div class=\"wp-block-stackable-columns stk-block-columns stk-block stk-bc08765\" data-block-id=\"bc08765\"><style>.stk-bc08765-column{--stk-columns-spacing:0px !important;--stk-column-gap:50px !important;}<\/style><div class=\"stk-row stk-inner-blocks stk-block-content stk-content-align stk-bc08765-column\">\n<div class=\"wp-block-stackable-column stk-block-column stk-column stk-block stk-b0cd4d4\" data-v=\"4\" data-block-id=\"b0cd4d4\"><div class=\"stk-column-wrapper stk-block-column__content stk-container stk-b0cd4d4-container stk--no-background stk--no-padding\"><div class=\"stk-block-content stk-inner-blocks stk-b0cd4d4-inner-blocks\">\n<div class=\"wp-block-stackable-image stk-block-image stk-block stk-7216515\" data-block-id=\"7216515\"><style>.stk-7216515 .stk-img-wrapper img{object-position:60% 44% !important;}<\/style><figure><span class=\"stk-img-wrapper stk-image--shape-stretch\"><img decoding=\"async\" class=\"stk-img wp-image-1353\" src=\"https:\/\/vinalesluxurysuites.com\/wp-content\/uploads\/2024\/10\/AMC4107-1-1024x683.jpg\" width=\"1024\" height=\"683\" srcset=\"https:\/\/vinalesluxurysuites.com\/wp-content\/uploads\/2024\/10\/AMC4107-1-1024x683.jpg 1024w, https:\/\/vinalesluxurysuites.com\/wp-content\/uploads\/2024\/10\/AMC4107-1-scaled-600x400.jpg 600w, https:\/\/vinalesluxurysuites.com\/wp-content\/uploads\/2024\/10\/AMC4107-1-300x200.jpg 300w, https:\/\/vinalesluxurysuites.com\/wp-content\/uploads\/2024\/10\/AMC4107-1-768x512.jpg 768w, https:\/\/vinalesluxurysuites.com\/wp-content\/uploads\/2024\/10\/AMC4107-1-1536x1024.jpg 1536w, https:\/\/vinalesluxurysuites.com\/wp-content\/uploads\/2024\/10\/AMC4107-1-2048x1365.jpg 2048w, https:\/\/vinalesluxurysuites.com\/wp-content\/uploads\/2024\/10\/AMC4107-1-1170x780.jpg 1170w, https:\/\/vinalesluxurysuites.com\/wp-content\/uploads\/2024\/10\/AMC4107-1-scaled.jpg 1920w\" sizes=\"(max-width: 1024px) 100vw, 1024px\" \/><\/span><\/figure><\/div>\n<\/div><\/div><\/div>\n\n\n\n<div class=\"wp-block-stackable-column stk-block-column stk-column stk-block stk-a2cd234\" data-v=\"4\" data-block-id=\"a2cd234\"><div class=\"stk-column-wrapper stk-block-column__content stk-container stk-a2cd234-container stk--no-background stk--no-padding\"><div class=\"stk-block-content stk-inner-blocks stk-a2cd234-inner-blocks\">\n<div class=\"wp-block-stackable-image stk-block-image stk-block stk-e3310c6\" data-block-id=\"e3310c6\"><figure><span class=\"stk-img-wrapper stk-image--shape-stretch\"><img decoding=\"async\" class=\"stk-img wp-image-1354\" src=\"https:\/\/vinalesluxurysuites.com\/wp-content\/uploads\/2024\/10\/AMC4184-1024x683.jpg\" width=\"1024\" height=\"683\" srcset=\"https:\/\/vinalesluxurysuites.com\/wp-content\/uploads\/2024\/10\/AMC4184-1024x683.jpg 1024w, https:\/\/vinalesluxurysuites.com\/wp-content\/uploads\/2024\/10\/AMC4184-scaled-600x400.jpg 600w, https:\/\/vinalesluxurysuites.com\/wp-content\/uploads\/2024\/10\/AMC4184-300x200.jpg 300w, https:\/\/vinalesluxurysuites.com\/wp-content\/uploads\/2024\/10\/AMC4184-768x512.jpg 768w, https:\/\/vinalesluxurysuites.com\/wp-content\/uploads\/2024\/10\/AMC4184-1536x1024.jpg 1536w, https:\/\/vinalesluxurysuites.com\/wp-content\/uploads\/2024\/10\/AMC4184-2048x1365.jpg 2048w, https:\/\/vinalesluxurysuites.com\/wp-content\/uploads\/2024\/10\/AMC4184-1170x780.jpg 1170w, https:\/\/vinalesluxurysuites.com\/wp-content\/uploads\/2024\/10\/AMC4184-scaled.jpg 1920w\" sizes=\"(max-width: 1024px) 100vw, 1024px\" \/><\/span><\/figure><\/div>\n<\/div><\/div><\/div>\n<\/div><\/div>\n<\/div><\/div><\/div><\/div><\/div>\n\n<div class=\"wp-block-getwid-section alignfull alignfull getwid-margin-top-large getwid-margin-bottom-large\"><div class=\"wp-block-getwid-section__wrapper getwid-padding-top-none getwid-padding-bottom-none getwid-padding-left-medium getwid-padding-right-medium getwid-padding-mobile-left-small getwid-padding-mobile-right-small\"><div class=\"wp-block-getwid-section__inner-wrapper\"><div class=\"wp-block-getwid-section__background-holder\"><div class=\"wp-block-getwid-section__background\"><\/div><div class=\"wp-block-getwid-section__foreground\"><\/div><\/div><div class=\"wp-block-getwid-section__content\"><div class=\"wp-block-getwid-section__inner-content\">\n<div class=\"wp-block-columns has-2-columns is-layout-flex wp-container-core-columns-is-layout-9d6595d7 wp-block-columns-is-layout-flex\">\n<div class=\"wp-block-column is-layout-flow wp-block-column-is-layout-flow\">\n<div class=\"wp-block-getwid-advanced-heading is-style-style-1 has-custom-font-size\" style=\"font-size:12px;margin-bottom:0px\"><p class=\"wp-block-getwid-advanced-heading__content\" style=\"text-transform:uppercase;letter-spacing:0.1em\">Experimenta la elegancia de las Suites de Lujo Vi\u00f1ales<\/p><\/div>\n\n\n\n<div class=\"wp-block-getwid-advanced-heading is-style-default\" style=\"margin-top:10px\"><h2 class=\"wp-block-getwid-advanced-heading__content\">Habitaciones y Suites de Lujo<\/h2><\/div>\n<\/div>\n\n\n\n<div class=\"wp-block-column is-layout-flow wp-block-column-is-layout-flow\">\n<p>Nuestras suites est\u00e1n cuidadosamente dise\u00f1adas y repartidas en varios niveles. En la planta superior, los hu\u00e9spedes pueden disfrutar de acceso a una hermosa terraza, que ofrece vistas panor\u00e1micas de los mogotes y exuberantes paisajes circundantes. Imag\u00ednate con una taza de caf\u00e9 o t\u00e9 en la mano, tu libro favorito y la impresionante belleza natural de Vi\u00f1ales ante ti: el escenario perfecto para desconectar y sumergirte en la tranquilidad de tus vacaciones.  <\/p>\n<\/div>\n<\/div>\n<\/div><\/div><\/div><\/div><\/div>\n\n<div class=\"wp-block-getwid-section alignfull alignfull getwid-margin-top-none getwid-margin-bottom-none\"><div class=\"wp-block-getwid-section__wrapper getwid-padding-top-normal getwid-padding-bottom-normal getwid-padding-left-medium getwid-padding-right-medium getwid-padding-mobile-left-small getwid-padding-mobile-right-small\"><div class=\"wp-block-getwid-section__inner-wrapper\"><div class=\"wp-block-getwid-section__background-holder\"><div class=\"wp-block-getwid-section__background\"><\/div><div class=\"wp-block-getwid-section__foreground\"><\/div><\/div><div class=\"wp-block-getwid-section__content\"><div class=\"wp-block-getwid-section__inner-content\">\n<div class=\"wp-block-columns has-2-columns is-layout-flex wp-container-core-columns-is-layout-9d6595d7 wp-block-columns-is-layout-flex\">\n<div class=\"wp-block-column is-layout-flow wp-block-column-is-layout-flow\">\n<div class=\"wp-block-getwid-images-stack is-layout-zeta\"><div class=\"wp-block-getwid-images-stack__wrapper\"><div class=\"wp-block-getwid-images-stack__chunk\"><div class=\"wp-block-getwid-images-stack__media-wrapper\"><div class=\"wp-block-getwid-images-stack__media-inner-wrapper\"><img decoding=\"async\" width=\"1280\" height=\"1920\" class=\"wp-block-getwid-images-stack__media wp-image-1358\" src=\"https:\/\/vinalesluxurysuites.com\/wp-content\/uploads\/2024\/10\/AMC4081-scaled.jpg\" data-id=\"1358\" data-link=\"https:\/\/vinalesluxurysuites.com\/about-vinales-luxury-suites\/_amc4081\/\" srcset=\"https:\/\/vinalesluxurysuites.com\/wp-content\/uploads\/2024\/10\/AMC4081-scaled.jpg 1280w, https:\/\/vinalesluxurysuites.com\/wp-content\/uploads\/2024\/10\/AMC4081-scaled-600x900.jpg 600w, https:\/\/vinalesluxurysuites.com\/wp-content\/uploads\/2024\/10\/AMC4081-200x300.jpg 200w, https:\/\/vinalesluxurysuites.com\/wp-content\/uploads\/2024\/10\/AMC4081-683x1024.jpg 683w, https:\/\/vinalesluxurysuites.com\/wp-content\/uploads\/2024\/10\/AMC4081-768x1152.jpg 768w, https:\/\/vinalesluxurysuites.com\/wp-content\/uploads\/2024\/10\/AMC4081-1024x1536.jpg 1024w, https:\/\/vinalesluxurysuites.com\/wp-content\/uploads\/2024\/10\/AMC4081-1365x2048.jpg 1365w, https:\/\/vinalesluxurysuites.com\/wp-content\/uploads\/2024\/10\/AMC4081-1170x1755.jpg 1170w\" sizes=\"(max-width: 1280px) 100vw, 1280px\" \/><\/div><\/div><div class=\"wp-block-getwid-images-stack__media-wrapper\"><div class=\"wp-block-getwid-images-stack__media-inner-wrapper\"><img decoding=\"async\" width=\"1920\" height=\"1280\" class=\"wp-block-getwid-images-stack__media wp-image-1240\" src=\"https:\/\/vinalesluxurysuites.com\/wp-content\/uploads\/2019\/06\/AMC4005-scaled.jpg\" data-id=\"1240\" data-link=\"https:\/\/vinalesluxurysuites.com\/accommodation\/superior-double-room\/_amc4005\/\" srcset=\"https:\/\/vinalesluxurysuites.com\/wp-content\/uploads\/2019\/06\/AMC4005-scaled.jpg 1920w, https:\/\/vinalesluxurysuites.com\/wp-content\/uploads\/2019\/06\/AMC4005-scaled-600x400.jpg 600w, https:\/\/vinalesluxurysuites.com\/wp-content\/uploads\/2019\/06\/AMC4005-300x200.jpg 300w, https:\/\/vinalesluxurysuites.com\/wp-content\/uploads\/2019\/06\/AMC4005-1024x683.jpg 1024w, https:\/\/vinalesluxurysuites.com\/wp-content\/uploads\/2019\/06\/AMC4005-768x512.jpg 768w, https:\/\/vinalesluxurysuites.com\/wp-content\/uploads\/2019\/06\/AMC4005-1536x1024.jpg 1536w, https:\/\/vinalesluxurysuites.com\/wp-content\/uploads\/2019\/06\/AMC4005-2048x1365.jpg 2048w, https:\/\/vinalesluxurysuites.com\/wp-content\/uploads\/2019\/06\/AMC4005-1170x780.jpg 1170w\" sizes=\"(max-width: 1920px) 100vw, 1920px\" \/><\/div><\/div><div class=\"wp-block-getwid-images-stack__media-wrapper\"><div class=\"wp-block-getwid-images-stack__media-inner-wrapper\"><img decoding=\"async\" width=\"1920\" height=\"1280\" class=\"wp-block-getwid-images-stack__media wp-image-1246\" src=\"https:\/\/vinalesluxurysuites.com\/wp-content\/uploads\/2019\/06\/AMC4020-scaled.jpg\" data-id=\"1246\" data-link=\"https:\/\/vinalesluxurysuites.com\/accommodation\/superior-double-room\/_amc4020\/\" srcset=\"https:\/\/vinalesluxurysuites.com\/wp-content\/uploads\/2019\/06\/AMC4020-scaled.jpg 1920w, https:\/\/vinalesluxurysuites.com\/wp-content\/uploads\/2019\/06\/AMC4020-scaled-600x400.jpg 600w, https:\/\/vinalesluxurysuites.com\/wp-content\/uploads\/2019\/06\/AMC4020-300x200.jpg 300w, https:\/\/vinalesluxurysuites.com\/wp-content\/uploads\/2019\/06\/AMC4020-1024x683.jpg 1024w, https:\/\/vinalesluxurysuites.com\/wp-content\/uploads\/2019\/06\/AMC4020-768x512.jpg 768w, https:\/\/vinalesluxurysuites.com\/wp-content\/uploads\/2019\/06\/AMC4020-1536x1024.jpg 1536w, https:\/\/vinalesluxurysuites.com\/wp-content\/uploads\/2019\/06\/AMC4020-2048x1365.jpg 2048w, https:\/\/vinalesluxurysuites.com\/wp-content\/uploads\/2019\/06\/AMC4020-1170x780.jpg 1170w\" sizes=\"(max-width: 1920px) 100vw, 1920px\" \/><\/div><\/div><\/div><\/div><\/div>\n<\/div>\n\n\n\n<div class=\"wp-block-column is-layout-flow wp-block-column-is-layout-flow\">\n<div class=\"wp-block-getwid-images-stack is-layout-epsilon\"><div class=\"wp-block-getwid-images-stack__wrapper\"><div class=\"wp-block-getwid-images-stack__chunk\"><div class=\"wp-block-getwid-images-stack__media-wrapper\"><div class=\"wp-block-getwid-images-stack__media-inner-wrapper\"><img decoding=\"async\" width=\"1920\" height=\"1280\" class=\"wp-block-getwid-images-stack__media wp-image-1252\" src=\"https:\/\/vinalesluxurysuites.com\/wp-content\/uploads\/2019\/06\/AMC4036-scaled.jpg\" data-id=\"1252\" data-link=\"https:\/\/vinalesluxurysuites.com\/accommodation\/standard-single-room\/_amc4036\/\" srcset=\"https:\/\/vinalesluxurysuites.com\/wp-content\/uploads\/2019\/06\/AMC4036-scaled.jpg 1920w, https:\/\/vinalesluxurysuites.com\/wp-content\/uploads\/2019\/06\/AMC4036-scaled-600x400.jpg 600w, https:\/\/vinalesluxurysuites.com\/wp-content\/uploads\/2019\/06\/AMC4036-300x200.jpg 300w, https:\/\/vinalesluxurysuites.com\/wp-content\/uploads\/2019\/06\/AMC4036-1024x683.jpg 1024w, https:\/\/vinalesluxurysuites.com\/wp-content\/uploads\/2019\/06\/AMC4036-768x512.jpg 768w, https:\/\/vinalesluxurysuites.com\/wp-content\/uploads\/2019\/06\/AMC4036-1536x1024.jpg 1536w, https:\/\/vinalesluxurysuites.com\/wp-content\/uploads\/2019\/06\/AMC4036-2048x1365.jpg 2048w, https:\/\/vinalesluxurysuites.com\/wp-content\/uploads\/2019\/06\/AMC4036-1170x780.jpg 1170w\" sizes=\"(max-width: 1920px) 100vw, 1920px\" \/><\/div><\/div><div class=\"wp-block-getwid-images-stack__media-wrapper\"><div class=\"wp-block-getwid-images-stack__media-inner-wrapper\"><img decoding=\"async\" width=\"1920\" height=\"1280\" class=\"wp-block-getwid-images-stack__media wp-image-1219\" src=\"https:\/\/vinalesluxurysuites.com\/wp-content\/uploads\/2024\/10\/AMC4043-scaled.jpg\" data-id=\"1219\" data-link=\"https:\/\/vinalesluxurysuites.com\/home\/santorini\/_amc4043\/\" srcset=\"https:\/\/vinalesluxurysuites.com\/wp-content\/uploads\/2024\/10\/AMC4043-scaled.jpg 1920w, https:\/\/vinalesluxurysuites.com\/wp-content\/uploads\/2024\/10\/AMC4043-scaled-600x400.jpg 600w, https:\/\/vinalesluxurysuites.com\/wp-content\/uploads\/2024\/10\/AMC4043-300x200.jpg 300w, https:\/\/vinalesluxurysuites.com\/wp-content\/uploads\/2024\/10\/AMC4043-1024x683.jpg 1024w, https:\/\/vinalesluxurysuites.com\/wp-content\/uploads\/2024\/10\/AMC4043-768x512.jpg 768w, https:\/\/vinalesluxurysuites.com\/wp-content\/uploads\/2024\/10\/AMC4043-1536x1024.jpg 1536w, https:\/\/vinalesluxurysuites.com\/wp-content\/uploads\/2024\/10\/AMC4043-2048x1365.jpg 2048w, https:\/\/vinalesluxurysuites.com\/wp-content\/uploads\/2024\/10\/AMC4043-1170x780.jpg 1170w\" sizes=\"(max-width: 1920px) 100vw, 1920px\" \/><\/div><\/div><div class=\"wp-block-getwid-images-stack__media-wrapper\"><div class=\"wp-block-getwid-images-stack__media-inner-wrapper\"><img decoding=\"async\" width=\"1920\" height=\"1280\" class=\"wp-block-getwid-images-stack__media wp-image-1216\" src=\"https:\/\/vinalesluxurysuites.com\/wp-content\/uploads\/2024\/10\/AMC4001-scaled.jpg\" data-id=\"1216\" data-link=\"https:\/\/vinalesluxurysuites.com\/home\/santorini\/_amc4001\/\" srcset=\"https:\/\/vinalesluxurysuites.com\/wp-content\/uploads\/2024\/10\/AMC4001-scaled.jpg 1920w, https:\/\/vinalesluxurysuites.com\/wp-content\/uploads\/2024\/10\/AMC4001-scaled-600x400.jpg 600w, https:\/\/vinalesluxurysuites.com\/wp-content\/uploads\/2024\/10\/AMC4001-300x200.jpg 300w, https:\/\/vinalesluxurysuites.com\/wp-content\/uploads\/2024\/10\/AMC4001-1024x683.jpg 1024w, https:\/\/vinalesluxurysuites.com\/wp-content\/uploads\/2024\/10\/AMC4001-768x512.jpg 768w, https:\/\/vinalesluxurysuites.com\/wp-content\/uploads\/2024\/10\/AMC4001-1536x1024.jpg 1536w, https:\/\/vinalesluxurysuites.com\/wp-content\/uploads\/2024\/10\/AMC4001-2048x1365.jpg 2048w, https:\/\/vinalesluxurysuites.com\/wp-content\/uploads\/2024\/10\/AMC4001-1170x780.jpg 1170w\" sizes=\"(max-width: 1920px) 100vw, 1920px\" \/><\/div><\/div><\/div><\/div><\/div>\n<\/div>\n<\/div>\n<\/div><\/div><\/div><\/div><\/div>\n\n<div class=\"wp-block-getwid-section alignfull alignfull getwid-margin-top-large getwid-margin-bottom-none\"><div class=\"wp-block-getwid-section__wrapper getwid-padding-top-none getwid-padding-bottom-none getwid-padding-left-medium getwid-padding-right-medium getwid-padding-mobile-left-small getwid-padding-mobile-right-small\"><div class=\"wp-block-getwid-section__inner-wrapper\"><div class=\"wp-block-getwid-section__background-holder\"><div class=\"wp-block-getwid-section__background\"><\/div><div class=\"wp-block-getwid-section__foreground\"><\/div><\/div><div class=\"wp-block-getwid-section__content\"><div class=\"wp-block-getwid-section__inner-content\">\n<div class=\"wp-block-columns has-2-columns is-layout-flex wp-container-core-columns-is-layout-9d6595d7 wp-block-columns-is-layout-flex\">\n<div class=\"wp-block-column is-layout-flow wp-block-column-is-layout-flow\">\n<div class=\"wp-block-getwid-advanced-heading is-style-style-1 has-custom-font-size\" style=\"font-size:12px;margin-bottom:0px\"><p class=\"wp-block-getwid-advanced-heading__content\" style=\"text-transform:uppercase;letter-spacing:0.1em\">Un rico patrimonio en el coraz\u00f3n de Vi\u00f1ales<\/p><\/div>\n\n\n\n<div class=\"wp-block-getwid-advanced-heading is-style-default\" style=\"margin-top:10px\"><h2 class=\"wp-block-getwid-advanced-heading__content\">Historia de Vi\u00f1ales Luxury Suites<\/h2><\/div>\n\n\n\n<div class=\"wp-block-getwid-section\"><div class=\"wp-block-getwid-section__wrapper getwid-padding-left-none\"><div class=\"wp-block-getwid-section__inner-wrapper\"><div class=\"wp-block-getwid-section__background-holder\"><div class=\"wp-block-getwid-section__background\"><\/div><div class=\"wp-block-getwid-section__foreground\"><\/div><\/div><div class=\"wp-block-getwid-section__content\"><div class=\"wp-block-getwid-section__inner-content\">\n<div class=\"wp-block-stackable-text stk-block-text stk-block stk-237cd61\" data-block-id=\"237cd61\"><style>.stk-237cd61 .stk-block-text__text{color:#88836b !important;}<\/style><p class=\"stk-block-text__text has-text-color\">Vi\u00f1ales Luxury Suites empez\u00f3 con Alex V\u00e1zquez, un chef encantado por los impresionantes paisajes de Vi\u00f1ales. Su visi\u00f3n era crear un alojamiento distintivo que combinara armoniosamente la belleza de la naturaleza con lujosas comodidades. <\/p><\/div>\n\n\n\n<div class=\"wp-block-buttons is-layout-flex wp-block-buttons-is-layout-flex\">\n<div class=\"wp-block-button\"><a class=\"wp-block-button__link wp-element-button\" href=\"https:\/\/vinalesluxurysuites.com\/accommodation-in-vinales-luxury-suites-alex-vazquez\/\">Seguir leyendo  <\/a><\/div>\n<\/div>\n<\/div><\/div><\/div><\/div><\/div>\n<\/div>\n\n\n\n<div class=\"wp-block-column is-layout-flow wp-block-column-is-layout-flow\">\n<div class=\"wp-block-stackable-text stk-block-text stk-block stk-6bc0510\" data-block-id=\"6bc0510\"><p class=\"stk-block-text__text\">Vi\u00f1ales Luxury Suites es m\u00e1s que un nombre; encarna un viaje personal. Desde el concepto inicial hasta los detalles finales, Alex se ha propuesto ofrecer una experiencia que sumerja a los visitantes en el sereno encanto de la campi\u00f1a cubana.   <\/p><\/div>\n\n\n\n<div class=\"wp-block-stackable-text stk-block-text stk-block stk-0bcec0c\" data-block-id=\"0bcec0c\"><p class=\"stk-block-text__text\">La inspiraci\u00f3n para Vi\u00f1ales Luxury Suites surgi\u00f3 cuando Alex estaba en la azotea de la granja de su familia, hipnotizado por las impresionantes vistas del valle. Motivado por este esplendor natural, dedic\u00f3 cinco a\u00f1os a hacer realidad su sue\u00f1o de un alojamiento extraordinario en Vi\u00f1ales. \u00bfEl resultado? Un santuario donde los hu\u00e9spedes pueden darse un capricho de lujo rodeados de la aut\u00e9ntica belleza del paisaje de Vi\u00f1ales.     <\/p><\/div>\n\n\n\n<div class=\"wp-block-stackable-text stk-block-text stk-block stk-f9a7afe\" data-block-id=\"f9a7afe\"><p class=\"stk-block-text__text\">Hoy en d\u00eda, Vi\u00f1ales Luxury Suites es cada vez m\u00e1s popular. Gracias al compromiso de Alex, la propiedad est\u00e1 meticulosamente cuidada y ofrece una profunda conexi\u00f3n con la naturaleza. Los hu\u00e9spedes pueden explorar las maravillas de Vi\u00f1ales y descubrir la historia que hay detr\u00e1s de su creaci\u00f3n: una historia de pasi\u00f3n, determinaci\u00f3n y un profundo amor por la tierra.  <\/p><\/div>\n<\/div>\n<\/div>\n\n\n\n<div style=\"height:75px\" aria-hidden=\"true\" class=\"wp-block-spacer\"><\/div>\n<\/div><\/div><\/div><\/div><\/div>\n\n<p><\/p>\n","protected":false},"excerpt":{"rendered":"<p>Vi\u00f1ales Luxury Suites es realmente una elecci\u00f3n excelente para los viajeros que desean un ambiente de lujo y tranquilidad para descansar despu\u00e9s de descubrir las bellas vistas y los fant\u00e1sticos paisajes de Vi\u00f1ales.<\/p>\n","protected":false},"author":1,"featured_media":1579,"parent":0,"menu_order":0,"comment_status":"closed","ping_status":"closed","template":"","meta":{"inline_featured_image":false,"pgc_sgb_lightbox_settings":"","footnotes":""},"class_list":["post-1643","page","type-page","status-publish","has-post-thumbnail","hentry"],"aioseo_notices":[],"_links":{"self":[{"href":"https:\/\/vinalesluxurysuites.com\/es\/wp-json\/wp\/v2\/pages\/1643","targetHints":{"allow":["GET"]}}],"collection":[{"href":"https:\/\/vinalesluxurysuites.com\/es\/wp-json\/wp\/v2\/pages"}],"about":[{"href":"https:\/\/vinalesluxurysuites.com\/es\/wp-json\/wp\/v2\/types\/page"}],"author":[{"embeddable":true,"href":"https:\/\/vinalesluxurysuites.com\/es\/wp-json\/wp\/v2\/users\/1"}],"replies":[{"embeddable":true,"href":"https:\/\/vinalesluxurysuites.com\/es\/wp-json\/wp\/v2\/comments?post=1643"}],"version-history":[{"count":1,"href":"https:\/\/vinalesluxurysuites.com\/es\/wp-json\/wp\/v2\/pages\/1643\/revisions"}],"predecessor-version":[{"id":1644,"href":"https:\/\/vinalesluxurysuites.com\/es\/wp-json\/wp\/v2\/pages\/1643\/revisions\/1644"}],"wp:featuredmedia":[{"embeddable":true,"href":"https:\/\/vinalesluxurysuites.com\/es\/wp-json\/wp\/v2\/media\/1579"}],"wp:attachment":[{"href":"https:\/\/vinalesluxurysuites.com\/es\/wp-json\/wp\/v2\/media?parent=1643"}],"curies":[{"name":"wp","href":"https:\/\/api.w.org\/{rel}","templated":true}]}}