{"id":1702,"date":"2024-09-07T00:23:16","date_gmt":"2024-09-07T00:23:16","guid":{"rendered":"https:\/\/vinalesluxurysuites.com\/?page_id=1702"},"modified":"2024-10-23T16:18:41","modified_gmt":"2024-10-23T16:18:41","slug":"politica-de-privacidad","status":"publish","type":"page","link":"https:\/\/vinalesluxurysuites.com\/es\/politica-de-privacidad\/","title":{"rendered":"Pol\u00edtica de Privacidad"},"content":{"rendered":"\n<div class=\"wp-block-stackable-text stk-block-text stk-block stk-6f587c5\" data-block-id=\"6f587c5\"><p class=\"stk-block-text__text\">En <strong>Vi\u00f1ales Luxury Suites<\/strong>, respetamos su privacidad y nos comprometemos a proteger sus datos personales. Esta pol\u00edtica de privacidad explica c\u00f3mo recopilamos, utilizamos y protegemos su informaci\u00f3n cuando utiliza nuestro sitio web y servicios.<\/p><\/div>\n\n\n\n<div class=\"wp-block-stackable-heading stk-block-heading stk-block-heading--v2 stk-block stk-66d1269\" id=\"1-informacion-que-recopilamos\" data-block-id=\"66d1269\"><h3 class=\"stk-block-heading__text\">1. Informaci\u00f3n que Recopilamos<\/h3><\/div>\n\n\n\n<div class=\"wp-block-stackable-text stk-block-text stk-block stk-38f11f4\" data-block-id=\"38f11f4\"><p class=\"stk-block-text__text\">Podemos recopilar los siguientes tipos de informaci\u00f3n cuando usted utiliza nuestros servicios o interact\u00faa con nuestro sitio:<\/p><\/div>\n\n\n\n<div class=\"wp-block-stackable-icon-list stk-block-icon-list stk-block stk-c6116a3\" data-block-id=\"c6116a3\"><style>.stk-c6116a3 {--stk-icon-list-row-gap:14px !important;--stk-icon-list-marker-color:#88836b !important;--stk-icon-height:7px !important;}.stk-c6116a3 .stk-block-icon-list-item__content{align-items:baseline !important;}<\/style><svg style=\"display:none\"><defs><g id=\"stk-icon-list__icon-svg-def-c6116a3\"><svg xmlns=\"http:\/\/www.w3.org\/2000\/svg\" viewBox=\"0 0 512 512\"><path d=\"M256 512A256 256 0 1 0 256 0a256 256 0 1 0 0 512z\"\/><\/svg><\/g><\/defs><\/svg><ul class=\"stk-block-icon-list__ul stk-block-icon-list--column\">\n<li class=\"wp-block-stackable-icon-list-item stk-block-icon-list-item stk-block stk-3c0a72a\" data-block-id=\"3c0a72a\"><div class=\"stk-block-icon-list-item__content\"><span class=\"stk--svg-wrapper\"><div class=\"stk--inner-svg\"><svg aria-hidden=\"true\" width=\"32\" height=\"32\"><use xlink:href=\"#stk-icon-list__icon-svg-def-c6116a3\"><\/use><\/svg><\/div><\/span><span class=\"stk-block-icon-list-item__text\"><strong>Informaci\u00f3n de contacto<\/strong>: como su nombre, direcci\u00f3n de correo electr\u00f3nico, n\u00famero de tel\u00e9fono y direcci\u00f3n postal.<\/span><\/div><\/li>\n\n\n\n<li class=\"wp-block-stackable-icon-list-item stk-block-icon-list-item stk-block stk-5c0e00e\" data-block-id=\"5c0e00e\"><div class=\"stk-block-icon-list-item__content\"><span class=\"stk--svg-wrapper\"><div class=\"stk--inner-svg\"><svg aria-hidden=\"true\" width=\"32\" height=\"32\"><use xlink:href=\"#stk-icon-list__icon-svg-def-c6116a3\"><\/use><\/svg><\/div><\/span><span class=\"stk-block-icon-list-item__text\"><strong>Detalles de la reserva<\/strong>: informaci\u00f3n relacionada con su estancia, como fechas de reserva, preferencias de alojamiento y detalles de pago.<\/span><\/div><\/li>\n\n\n\n<li class=\"wp-block-stackable-icon-list-item stk-block-icon-list-item stk-block stk-a9709b3\" data-block-id=\"a9709b3\"><div class=\"stk-block-icon-list-item__content\"><span class=\"stk--svg-wrapper\"><div class=\"stk--inner-svg\"><svg aria-hidden=\"true\" width=\"32\" height=\"32\"><use xlink:href=\"#stk-icon-list__icon-svg-def-c6116a3\"><\/use><\/svg><\/div><\/span><span class=\"stk-block-icon-list-item__text\"><strong>Datos de navegaci\u00f3n<\/strong>: recopilamos autom\u00e1ticamente datos sobre c\u00f3mo interact\u00faa con nuestro sitio web, como su direcci\u00f3n IP, navegador, dispositivo utilizado y p\u00e1ginas visitadas.<\/span><\/div><\/li>\n\n\n\n<li class=\"wp-block-stackable-icon-list-item stk-block-icon-list-item stk-block stk-11e7f7d\" data-block-id=\"11e7f7d\"><div class=\"stk-block-icon-list-item__content\"><span class=\"stk--svg-wrapper\"><div class=\"stk--inner-svg\"><svg aria-hidden=\"true\" width=\"32\" height=\"32\"><use xlink:href=\"#stk-icon-list__icon-svg-def-c6116a3\"><\/use><\/svg><\/div><\/span><span class=\"stk-block-icon-list-item__text\"><strong>Informaci\u00f3n de pago<\/strong>: recopilamos detalles de sus transacciones, pero no almacenamos la informaci\u00f3n completa de su tarjeta de cr\u00e9dito o d\u00e9bito. Estas son gestionadas por proveedores de pagos seguros.<\/span><\/div><\/li>\n<\/ul><\/div>\n\n\n\n<div class=\"wp-block-stackable-heading stk-block-heading stk-block-heading--v2 stk-block stk-043212a\" id=\"2-como-utilizamos-su-informacion\" data-block-id=\"043212a\"><h3 class=\"stk-block-heading__text\">2. C\u00f3mo Utilizamos su Informaci\u00f3n<\/h3><\/div>\n\n\n\n<div class=\"wp-block-stackable-text stk-block-text stk-block stk-849eeaf\" data-block-id=\"849eeaf\"><p class=\"stk-block-text__text\">Utilizamos la informaci\u00f3n recopilada para los siguientes prop\u00f3sitos:<\/p><\/div>\n\n\n\n<div class=\"wp-block-stackable-icon-list stk-block-icon-list stk-block stk-ccec33c\" data-block-id=\"ccec33c\"><style>.stk-ccec33c {--stk-icon-list-row-gap:14px !important;--stk-icon-list-marker-color:#88836b !important;--stk-icon-height:7px !important;}.stk-ccec33c .stk-block-icon-list-item__content{align-items:baseline !important;}<\/style><svg style=\"display:none\"><defs><g id=\"stk-icon-list__icon-svg-def-ccec33c\"><svg xmlns=\"http:\/\/www.w3.org\/2000\/svg\" viewBox=\"0 0 512 512\"><path d=\"M256 512A256 256 0 1 0 256 0a256 256 0 1 0 0 512z\"\/><\/svg><\/g><\/defs><\/svg><ul class=\"stk-block-icon-list__ul stk-block-icon-list--column\">\n<li class=\"wp-block-stackable-icon-list-item stk-block-icon-list-item stk-block stk-136fbd3\" data-block-id=\"136fbd3\"><div class=\"stk-block-icon-list-item__content\"><span class=\"stk--svg-wrapper\"><div class=\"stk--inner-svg\"><svg aria-hidden=\"true\" width=\"32\" height=\"32\"><use xlink:href=\"#stk-icon-list__icon-svg-def-ccec33c\"><\/use><\/svg><\/div><\/span><span class=\"stk-block-icon-list-item__text\"><strong>Procesar y gestionar sus reservas<\/strong> en <strong>Vi\u00f1ales Luxury Suites<\/strong>.<\/span><\/div><\/li>\n\n\n\n<li class=\"wp-block-stackable-icon-list-item stk-block-icon-list-item stk-block stk-100d575\" data-block-id=\"100d575\"><div class=\"stk-block-icon-list-item__content\"><span class=\"stk--svg-wrapper\"><div class=\"stk--inner-svg\"><svg aria-hidden=\"true\" width=\"32\" height=\"32\"><use xlink:href=\"#stk-icon-list__icon-svg-def-ccec33c\"><\/use><\/svg><\/div><\/span><span class=\"stk-block-icon-list-item__text\"><strong>Comunicarnos con usted<\/strong> para proporcionar informaci\u00f3n sobre su estancia, promociones o cambios en nuestros servicios.<\/span><\/div><\/li>\n\n\n\n<li class=\"wp-block-stackable-icon-list-item stk-block-icon-list-item stk-block stk-d30df3b\" data-block-id=\"d30df3b\"><div class=\"stk-block-icon-list-item__content\"><span class=\"stk--svg-wrapper\"><div class=\"stk--inner-svg\"><svg aria-hidden=\"true\" width=\"32\" height=\"32\"><use xlink:href=\"#stk-icon-list__icon-svg-def-ccec33c\"><\/use><\/svg><\/div><\/span><span class=\"stk-block-icon-list-item__text\"><strong>Mejorar nuestros servicios y la experiencia del usuario<\/strong> en nuestro sitio web.<\/span><\/div><\/li>\n\n\n\n<li class=\"wp-block-stackable-icon-list-item stk-block-icon-list-item stk-block stk-151e1e7\" data-block-id=\"151e1e7\"><div class=\"stk-block-icon-list-item__content\"><span class=\"stk--svg-wrapper\"><div class=\"stk--inner-svg\"><svg aria-hidden=\"true\" width=\"32\" height=\"32\"><use xlink:href=\"#stk-icon-list__icon-svg-def-ccec33c\"><\/use><\/svg><\/div><\/span><span class=\"stk-block-icon-list-item__text\"><strong>Cumplir con obligaciones legales<\/strong> y proteger nuestros derechos y los de nuestros clientes.<\/span><\/div><\/li>\n\n\n\n<li class=\"wp-block-stackable-icon-list-item stk-block-icon-list-item stk-block stk-38d0c52\" data-block-id=\"38d0c52\"><div class=\"stk-block-icon-list-item__content\"><span class=\"stk--svg-wrapper\"><div class=\"stk--inner-svg\"><svg aria-hidden=\"true\" width=\"32\" height=\"32\"><use xlink:href=\"#stk-icon-list__icon-svg-def-ccec33c\"><\/use><\/svg><\/div><\/span><span class=\"stk-block-icon-list-item__text\"><strong>Personalizar su experiencia<\/strong> en nuestro sitio web, mostr\u00e1ndole contenido relevante basado en sus preferencias y comportamiento de navegaci\u00f3n.<\/span><\/div><\/li>\n<\/ul><\/div>\n\n\n\n<div class=\"wp-block-stackable-heading stk-block-heading stk-block-heading--v2 stk-block stk-c057d53\" id=\"3-como-compartimos-su-informacion\" data-block-id=\"c057d53\"><h3 class=\"stk-block-heading__text\">3. C\u00f3mo Compartimos su Informaci\u00f3n<\/h3><\/div>\n\n\n\n<div class=\"wp-block-stackable-text stk-block-text stk-block stk-676282d\" data-block-id=\"676282d\"><p class=\"stk-block-text__text\">No compartimos su informaci\u00f3n personal con terceros, excepto en los siguientes casos:<\/p><\/div>\n\n\n\n<div class=\"wp-block-stackable-icon-list stk-block-icon-list stk-block stk-1db64ac\" data-block-id=\"1db64ac\"><style>.stk-1db64ac {--stk-icon-list-row-gap:14px !important;--stk-icon-list-marker-color:#88836b !important;--stk-icon-height:7px !important;}.stk-1db64ac .stk-block-icon-list-item__content{align-items:baseline !important;}<\/style><svg style=\"display:none\"><defs><g id=\"stk-icon-list__icon-svg-def-1db64ac\"><svg xmlns=\"http:\/\/www.w3.org\/2000\/svg\" viewBox=\"0 0 512 512\"><path d=\"M256 512A256 256 0 1 0 256 0a256 256 0 1 0 0 512z\"\/><\/svg><\/g><\/defs><\/svg><ul class=\"stk-block-icon-list__ul stk-block-icon-list--column\">\n<li class=\"wp-block-stackable-icon-list-item stk-block-icon-list-item stk-block stk-6fd7d91\" data-block-id=\"6fd7d91\"><div class=\"stk-block-icon-list-item__content\"><span class=\"stk--svg-wrapper\"><div class=\"stk--inner-svg\"><svg aria-hidden=\"true\" width=\"32\" height=\"32\"><use xlink:href=\"#stk-icon-list__icon-svg-def-1db64ac\"><\/use><\/svg><\/div><\/span><span class=\"stk-block-icon-list-item__text\"><strong>Proveedores de servicios<\/strong>: compartimos informaci\u00f3n con empresas que nos ayudan a procesar pagos, gestionar reservas o enviar comunicaciones en nuestro nombre.<\/span><\/div><\/li>\n\n\n\n<li class=\"wp-block-stackable-icon-list-item stk-block-icon-list-item stk-block stk-776712f\" data-block-id=\"776712f\"><div class=\"stk-block-icon-list-item__content\"><span class=\"stk--svg-wrapper\"><div class=\"stk--inner-svg\"><svg aria-hidden=\"true\" width=\"32\" height=\"32\"><use xlink:href=\"#stk-icon-list__icon-svg-def-1db64ac\"><\/use><\/svg><\/div><\/span><span class=\"stk-block-icon-list-item__text\"><strong>Cumplimiento de la ley<\/strong>: podemos divulgar su informaci\u00f3n si es necesario para cumplir con las leyes aplicables, responder a solicitudes legales o proteger los derechos y la seguridad de <strong>Vi\u00f1ales Luxury Suites<\/strong> y sus usuarios.<\/span><\/div><\/li>\n<\/ul><\/div>\n\n\n\n<div class=\"wp-block-stackable-heading stk-block-heading stk-block-heading--v2 stk-block stk-2281dea\" id=\"4-retencion-de-datos\" data-block-id=\"2281dea\"><h2 class=\"stk-block-heading__text\">4. Retenci\u00f3n de Datos<\/h2><\/div>\n\n\n\n<div class=\"wp-block-stackable-text stk-block-text stk-block stk-fcae94c\" data-block-id=\"fcae94c\"><p class=\"stk-block-text__text\">Conservamos su informaci\u00f3n personal solo durante el tiempo necesario para cumplir con los fines para los cuales fue recopilada, o seg\u00fan lo requerido por la ley. Los datos relacionados con su reserva se mantendr\u00e1n el tiempo necesario para procesar su estancia y cumplir con las obligaciones fiscales y legales.<\/p><\/div>\n\n\n\n<div class=\"wp-block-stackable-heading stk-block-heading stk-block-heading--v2 stk-block stk-54b606f\" id=\"5-sus-derechos\" data-block-id=\"54b606f\"><h3 class=\"stk-block-heading__text\">5. Sus Derechos<\/h3><\/div>\n\n\n\n<div class=\"wp-block-stackable-text stk-block-text stk-block stk-d2c7c3c\" data-block-id=\"d2c7c3c\"><p class=\"stk-block-text__text\">Usted tiene los siguientes derechos respecto a su informaci\u00f3n personal:<\/p><\/div>\n\n\n\n<div class=\"wp-block-stackable-icon-list stk-block-icon-list stk-block stk-9773924\" data-block-id=\"9773924\"><style>.stk-9773924 {--stk-icon-list-row-gap:14px !important;--stk-icon-list-marker-color:#88836b !important;--stk-icon-height:7px !important;}.stk-9773924 .stk-block-icon-list-item__content{align-items:baseline !important;}<\/style><svg style=\"display:none\"><defs><g id=\"stk-icon-list__icon-svg-def-9773924\"><svg xmlns=\"http:\/\/www.w3.org\/2000\/svg\" viewBox=\"0 0 512 512\"><path d=\"M256 512A256 256 0 1 0 256 0a256 256 0 1 0 0 512z\"\/><\/svg><\/g><\/defs><\/svg><ul class=\"stk-block-icon-list__ul stk-block-icon-list--column\">\n<li class=\"wp-block-stackable-icon-list-item stk-block-icon-list-item stk-block stk-94dc90f\" data-block-id=\"94dc90f\"><div class=\"stk-block-icon-list-item__content\"><span class=\"stk--svg-wrapper\"><div class=\"stk--inner-svg\"><svg aria-hidden=\"true\" width=\"32\" height=\"32\"><use xlink:href=\"#stk-icon-list__icon-svg-def-9773924\"><\/use><\/svg><\/div><\/span><span class=\"stk-block-icon-list-item__text\"><strong>Acceso<\/strong>: puede solicitar una copia de los datos personales que tenemos sobre usted.<\/span><\/div><\/li>\n\n\n\n<li class=\"wp-block-stackable-icon-list-item stk-block-icon-list-item stk-block stk-87987b7\" data-block-id=\"87987b7\"><div class=\"stk-block-icon-list-item__content\"><span class=\"stk--svg-wrapper\"><div class=\"stk--inner-svg\"><svg aria-hidden=\"true\" width=\"32\" height=\"32\"><use xlink:href=\"#stk-icon-list__icon-svg-def-9773924\"><\/use><\/svg><\/div><\/span><span class=\"stk-block-icon-list-item__text\"><strong>Correcci\u00f3n<\/strong>: puede solicitar la correcci\u00f3n de cualquier dato incorrecto o incompleto.<\/span><\/div><\/li>\n\n\n\n<li class=\"wp-block-stackable-icon-list-item stk-block-icon-list-item stk-block stk-5a60361\" data-block-id=\"5a60361\"><div class=\"stk-block-icon-list-item__content\"><span class=\"stk--svg-wrapper\"><div class=\"stk--inner-svg\"><svg aria-hidden=\"true\" width=\"32\" height=\"32\"><use xlink:href=\"#stk-icon-list__icon-svg-def-9773924\"><\/use><\/svg><\/div><\/span><span class=\"stk-block-icon-list-item__text\"><strong>Eliminaci\u00f3n<\/strong>: tiene derecho a solicitar la eliminaci\u00f3n de sus datos personales, salvo en los casos en que estemos legalmente obligados a conservarlos.<\/span><\/div><\/li>\n\n\n\n<li class=\"wp-block-stackable-icon-list-item stk-block-icon-list-item stk-block stk-d943c03\" data-block-id=\"d943c03\"><div class=\"stk-block-icon-list-item__content\"><span class=\"stk--svg-wrapper\"><div class=\"stk--inner-svg\"><svg aria-hidden=\"true\" width=\"32\" height=\"32\"><use xlink:href=\"#stk-icon-list__icon-svg-def-9773924\"><\/use><\/svg><\/div><\/span><span class=\"stk-block-icon-list-item__text\"><strong>Restricci\u00f3n<\/strong>: puede solicitar que limitemos el uso de sus datos personales en determinadas circunstancias.<\/span><\/div><\/li>\n\n\n\n<li class=\"wp-block-stackable-icon-list-item stk-block-icon-list-item stk-block stk-d78f202\" data-block-id=\"d78f202\"><div class=\"stk-block-icon-list-item__content\"><span class=\"stk--svg-wrapper\"><div class=\"stk--inner-svg\"><svg aria-hidden=\"true\" width=\"32\" height=\"32\"><use xlink:href=\"#stk-icon-list__icon-svg-def-9773924\"><\/use><\/svg><\/div><\/span><span class=\"stk-block-icon-list-item__text\"><strong>Portabilidad<\/strong>: puede solicitar que le proporcionemos una copia de sus datos en un formato de uso com\u00fan.<\/span><\/div><\/li>\n<\/ul><\/div>\n\n\n\n<div class=\"wp-block-stackable-text stk-block-text stk-block stk-f5f2a5d\" data-block-id=\"f5f2a5d\"><p class=\"stk-block-text__text\">Para ejercer estos derechos, por favor, cont\u00e1ctenos a trav\u00e9s de <strong>[Direcci\u00f3n de correo electr\u00f3nico]<\/strong>.<\/p><\/div>\n\n\n\n<div class=\"wp-block-stackable-heading stk-block-heading stk-block-heading--v2 stk-block stk-61cfe60\" id=\"6-seguridad-de-sus-datos\" data-block-id=\"61cfe60\"><h3 class=\"stk-block-heading__text\">6. Seguridad de sus Datos<\/h3><\/div>\n\n\n\n<div class=\"wp-block-stackable-text stk-block-text stk-block stk-db42f5d\" data-block-id=\"db42f5d\"><p class=\"stk-block-text__text\">Nos comprometemos a proteger la informaci\u00f3n personal que recopilamos. Implementamos medidas de seguridad f\u00edsicas, electr\u00f3nicas y administrativas para prevenir el acceso no autorizado, la p\u00e9rdida, el uso indebido o la divulgaci\u00f3n de sus datos personales.<\/p><\/div>\n\n\n\n<div class=\"wp-block-stackable-heading stk-block-heading stk-block-heading--v2 stk-block stk-8cb15da\" id=\"7-cookies-y-tecnologias-de-seguimiento\" data-block-id=\"8cb15da\"><h3 class=\"stk-block-heading__text\">7. Cookies y Tecnolog\u00edas de Seguimiento<\/h3><\/div>\n\n\n\n<div class=\"wp-block-stackable-text stk-block-text stk-block stk-deef76a\" data-block-id=\"deef76a\"><p class=\"stk-block-text__text\">Nuestro sitio web utiliza cookies y otras tecnolog\u00edas de seguimiento para mejorar su experiencia de navegaci\u00f3n. Las cookies nos permiten personalizar el contenido y analizar el tr\u00e1fico de nuestro sitio. Puede controlar el uso de cookies ajustando la configuraci\u00f3n de su navegador.<\/p><\/div>\n\n\n\n<div class=\"wp-block-stackable-heading stk-block-heading stk-block-heading--v2 stk-block stk-178e463\" id=\"8-cambios-en-esta-politica\" data-block-id=\"178e463\"><h3 class=\"stk-block-heading__text\">8. Cambios en esta Pol\u00edtica<\/h3><\/div>\n\n\n\n<div class=\"wp-block-stackable-text stk-block-text stk-block stk-0e3cd73\" data-block-id=\"0e3cd73\"><p class=\"stk-block-text__text\">Podemos actualizar esta pol\u00edtica de privacidad de vez en cuando para reflejar cambios en nuestras pr\u00e1cticas o en las leyes aplicables. La versi\u00f3n actualizada estar\u00e1 siempre disponible en nuestro sitio web, y se lo notificaremos en caso de cambios significativos.<\/p><\/div>\n\n\n\n<div class=\"wp-block-stackable-heading stk-block-heading stk-block-heading--v2 stk-block stk-fd38ff8\" id=\"9-contacto\" data-block-id=\"fd38ff8\"><h3 class=\"stk-block-heading__text\">9. Contacto<\/h3><\/div>\n\n\n\n<div class=\"wp-block-stackable-text stk-block-text stk-block stk-2dc6fe2\" data-block-id=\"2dc6fe2\"><p class=\"stk-block-text__text\">Si tiene alguna pregunta sobre nuestra pol\u00edtica de privacidad o sobre c\u00f3mo manejamos su informaci\u00f3n personal, no dude en contactarnos:<\/p><\/div>\n\n\n\n<div class=\"wp-block-stackable-icon-list stk-block-icon-list stk-block stk-94e2aa3\" data-block-id=\"94e2aa3\"><style>.stk-94e2aa3 {--stk-icon-list-row-gap:14px !important;--stk-icon-list-marker-color:#88836b !important;--stk-icon-height:7px !important;}.stk-94e2aa3 .stk-block-icon-list-item__content{align-items:baseline !important;}<\/style><svg style=\"display:none\"><defs><g id=\"stk-icon-list__icon-svg-def-94e2aa3\"><svg xmlns=\"http:\/\/www.w3.org\/2000\/svg\" viewBox=\"0 0 512 512\"><path d=\"M256 512A256 256 0 1 0 256 0a256 256 0 1 0 0 512z\"\/><\/svg><\/g><\/defs><\/svg><ul class=\"stk-block-icon-list__ul stk-block-icon-list--column\">\n<li class=\"wp-block-stackable-icon-list-item stk-block-icon-list-item stk-block stk-6485014\" data-block-id=\"6485014\"><div class=\"stk-block-icon-list-item__content\"><span class=\"stk--svg-wrapper\"><div class=\"stk--inner-svg\"><svg aria-hidden=\"true\" width=\"32\" height=\"32\"><use xlink:href=\"#stk-icon-list__icon-svg-def-94e2aa3\"><\/use><\/svg><\/div><\/span><span class=\"stk-block-icon-list-item__text\"><strong>Correo electr\u00f3nico<\/strong>: <strong>bookings@vinalesluxurysuites.com<\/strong><\/span><\/div><\/li>\n\n\n\n<li class=\"wp-block-stackable-icon-list-item stk-block-icon-list-item stk-block stk-5b10ef9\" data-block-id=\"5b10ef9\"><div class=\"stk-block-icon-list-item__content\"><span class=\"stk--svg-wrapper\"><div class=\"stk--inner-svg\"><svg aria-hidden=\"true\" width=\"32\" height=\"32\"><use xlink:href=\"#stk-icon-list__icon-svg-def-94e2aa3\"><\/use><\/svg><\/div><\/span><span class=\"stk-block-icon-list-item__text\"><strong>N\u00famero de tel\u00e9fono<\/strong>: <strong>+1 (561) 568-8753<\/strong><\/span><\/div><\/li>\n<\/ul><\/div>\n","protected":false},"excerpt":{"rendered":"<p>En Vi\u00f1ales Luxury Suites, respetamos su privacidad y nos comprometemos a proteger sus datos personales. Esta pol\u00edtica de privacidad explica c\u00f3mo recopilamos, utilizamos y protegemos su informaci\u00f3n cuando utiliza nuestro sitio web y servicios. 1. Informaci\u00f3n que Recopilamos Podemos recopilar los siguientes tipos de informaci\u00f3n cuando usted utiliza nuestros servicios o interact\u00faa con nuestro sitio: [&hellip;]<\/p>\n","protected":false},"author":1,"featured_media":0,"parent":0,"menu_order":0,"comment_status":"closed","ping_status":"open","template":"","meta":{"inline_featured_image":false,"pgc_sgb_lightbox_settings":"","footnotes":""},"class_list":["post-1702","page","type-page","status-publish","hentry"],"aioseo_notices":[],"_links":{"self":[{"href":"https:\/\/vinalesluxurysuites.com\/es\/wp-json\/wp\/v2\/pages\/1702","targetHints":{"allow":["GET"]}}],"collection":[{"href":"https:\/\/vinalesluxurysuites.com\/es\/wp-json\/wp\/v2\/pages"}],"about":[{"href":"https:\/\/vinalesluxurysuites.com\/es\/wp-json\/wp\/v2\/types\/page"}],"author":[{"embeddable":true,"href":"https:\/\/vinalesluxurysuites.com\/es\/wp-json\/wp\/v2\/users\/1"}],"replies":[{"embeddable":true,"href":"https:\/\/vinalesluxurysuites.com\/es\/wp-json\/wp\/v2\/comments?post=1702"}],"version-history":[{"count":1,"href":"https:\/\/vinalesluxurysuites.com\/es\/wp-json\/wp\/v2\/pages\/1702\/revisions"}],"predecessor-version":[{"id":1703,"href":"https:\/\/vinalesluxurysuites.com\/es\/wp-json\/wp\/v2\/pages\/1702\/revisions\/1703"}],"wp:attachment":[{"href":"https:\/\/vinalesluxurysuites.com\/es\/wp-json\/wp\/v2\/media?parent=1702"}],"curies":[{"name":"wp","href":"https:\/\/api.w.org\/{rel}","templated":true}]}}